{"id":2,"date":"2021-11-30T17:25:24","date_gmt":"2021-11-30T16:25:24","guid":{"rendered":"https:\/\/platinium-skills.com\/?page_id=2"},"modified":"2022-07-21T17:52:54","modified_gmt":"2022-07-21T15:52:54","slug":"page-d-exemple","status":"publish","type":"page","link":"https:\/\/platinium-skills.com\/","title":{"rendered":"Accueil"},"content":{"rendered":"\t\t<div data-elementor-type=\"wp-page\" data-elementor-id=\"2\" class=\"elementor elementor-2\">\n\t\t\t\t\t\t\t\t\t<section class=\"elementor-section elementor-top-section elementor-element elementor-element-d00f7a0 elementor-section-full_width elementor-section-content-top elementor-section-height-default elementor-section-height-default\" data-id=\"d00f7a0\" data-element_type=\"section\">\n\t\t\t\t\t\t<div class=\"elementor-container elementor-column-gap-wider\">\n\t\t\t\t\t<div class=\"elementor-column elementor-col-50 elementor-top-column elementor-element elementor-element-34d9c506\" data-id=\"34d9c506\" data-element_type=\"column\">\n\t\t\t<div class=\"elementor-widget-wrap elementor-element-populated\">\n\t\t\t\t\t\t\t\t<header class=\"elementor-section elementor-inner-section elementor-element elementor-element-48bf6c9 elementor-section-full_width elementor-section-height-full elementor-section-content-top elementor-section-height-default\" data-id=\"48bf6c9\" data-element_type=\"section\" data-settings=\"{&quot;background_background&quot;:&quot;classic&quot;,&quot;sticky&quot;:&quot;top&quot;,&quot;sticky_on&quot;:[&quot;desktop&quot;,&quot;tablet&quot;,&quot;mobile&quot;],&quot;sticky_offset&quot;:0,&quot;sticky_effects_offset&quot;:0}\">\n\t\t\t\t\t\t\t<div class=\"elementor-background-overlay\"><\/div>\n\t\t\t\t\t\t\t<div class=\"elementor-container elementor-column-gap-default\">\n\t\t\t\t\t<header class=\"elementor-column elementor-col-100 elementor-inner-column elementor-element elementor-element-86a2cb6\" data-id=\"86a2cb6\" data-element_type=\"column\">\n\t\t\t<div class=\"elementor-widget-wrap elementor-element-populated\">\n\t\t\t\t\t\t\t\t<div class=\"elementor-element elementor-element-c8710ce elementor-widget elementor-widget-image\" data-id=\"c8710ce\" data-element_type=\"widget\" data-widget_type=\"image.default\">\n\t\t\t\t<div class=\"elementor-widget-container\">\n\t\t\t<style>\/*! elementor - v3.7.2 - 21-08-2022 *\/\n.elementor-widget-image{text-align:center}.elementor-widget-image a{display:inline-block}.elementor-widget-image a img[src$=\".svg\"]{width:48px}.elementor-widget-image img{vertical-align:middle;display:inline-block}<\/style>\t\t\t\t\t\t\t\t\t\t\t\t<img width=\"420\" height=\"260\" src=\"https:\/\/platinium-skills.com\/wp-content\/uploads\/2021\/11\/logo-plat-skills.png\" class=\"attachment-full size-full\" alt=\"Platinium Skills\" loading=\"lazy\" srcset=\"https:\/\/platinium-skills.com\/wp-content\/uploads\/2021\/11\/logo-plat-skills.png 420w, https:\/\/platinium-skills.com\/wp-content\/uploads\/2021\/11\/logo-plat-skills-300x186.png 300w\" sizes=\"(max-width: 420px) 100vw, 420px\" \/>\t\t\t\t\t\t\t\t\t\t\t\t\t\t\t<\/div>\n\t\t\t\t<\/div>\n\t\t\t\t\t<\/div>\n\t\t<\/header>\n\t\t\t\t\t\t\t<\/div>\n\t\t<\/header>\n\t\t\t\t\t<\/div>\n\t\t<\/div>\n\t\t\t\t<div class=\"elementor-column elementor-col-50 elementor-top-column elementor-element elementor-element-7fac1a7\" data-id=\"7fac1a7\" data-element_type=\"column\">\n\t\t\t<div class=\"elementor-widget-wrap elementor-element-populated\">\n\t\t\t\t\t\t\t\t<section class=\"elementor-section elementor-inner-section elementor-element elementor-element-2465838 elementor-section-full_width elementor-section-height-default elementor-section-height-default\" data-id=\"2465838\" data-element_type=\"section\">\n\t\t\t\t\t\t<div class=\"elementor-container elementor-column-gap-wider\">\n\t\t\t\t\t<div class=\"elementor-column elementor-col-50 elementor-inner-column elementor-element elementor-element-0ec36ad\" data-id=\"0ec36ad\" data-element_type=\"column\">\n\t\t\t<div class=\"elementor-widget-wrap elementor-element-populated\">\n\t\t\t\t\t\t\t\t<div class=\"elementor-element elementor-element-56b21a3 elementor-widget elementor-widget-image\" data-id=\"56b21a3\" data-element_type=\"widget\" data-widget_type=\"image.default\">\n\t\t\t\t<div class=\"elementor-widget-container\">\n\t\t\t\t\t\t\t\t\t\t\t\t\t\t\t\t<a href=\"https:\/\/www.platinium-cqft.com\/\" target=\"_blank\">\n\t\t\t\t\t\t\t<img width=\"300\" height=\"156\" src=\"https:\/\/platinium-skills.com\/wp-content\/uploads\/2021\/11\/logo-platinium-cqft.png\" class=\"attachment-full size-full\" alt=\"Platinium CQFT\" loading=\"lazy\" \/>\t\t\t\t\t\t\t\t<\/a>\n\t\t\t\t\t\t\t\t\t\t\t\t\t\t\t<\/div>\n\t\t\t\t<\/div>\n\t\t\t\t<div class=\"elementor-element elementor-element-d17340c elementor-widget elementor-widget-text-editor\" data-id=\"d17340c\" data-element_type=\"widget\" data-widget_type=\"text-editor.default\">\n\t\t\t\t<div class=\"elementor-widget-container\">\n\t\t\t<style>\/*! elementor - v3.7.2 - 21-08-2022 *\/\n.elementor-widget-text-editor.elementor-drop-cap-view-stacked .elementor-drop-cap{background-color:#818a91;color:#fff}.elementor-widget-text-editor.elementor-drop-cap-view-framed .elementor-drop-cap{color:#818a91;border:3px solid;background-color:transparent}.elementor-widget-text-editor:not(.elementor-drop-cap-view-default) .elementor-drop-cap{margin-top:8px}.elementor-widget-text-editor:not(.elementor-drop-cap-view-default) .elementor-drop-cap-letter{width:1em;height:1em}.elementor-widget-text-editor .elementor-drop-cap{float:left;text-align:center;line-height:1;font-size:50px}.elementor-widget-text-editor .elementor-drop-cap-letter{display:inline-block}<\/style>\t\t\t\tPlatinium CQFT, sp\u00e9cialis\u00e9e dans la formation r\u00e9glementaire. Certification testeur CACES\u00ae (Certificat d\u2019aptitude \u00e0 la Conduite En S\u00e9curit\u00e9).\n<p style=\"text-align: right;\"><span style=\"color: #02b4e0;\"><a style=\"color: #02b4e0;\" href=\"https:\/\/www.platinium-cqft.com\/\">\u2192 Visiter le site<\/a><\/span><\/p>\t\t\t\t\t\t<\/div>\n\t\t\t\t<\/div>\n\t\t\t\t\t<\/div>\n\t\t<\/div>\n\t\t\t\t<div class=\"elementor-column elementor-col-50 elementor-inner-column elementor-element elementor-element-433526d\" data-id=\"433526d\" data-element_type=\"column\">\n\t\t\t<div class=\"elementor-widget-wrap elementor-element-populated\">\n\t\t\t\t\t\t\t\t<div class=\"elementor-element elementor-element-b372c66 elementor-widget elementor-widget-image\" data-id=\"b372c66\" data-element_type=\"widget\" data-widget_type=\"image.default\">\n\t\t\t\t<div class=\"elementor-widget-container\">\n\t\t\t\t\t\t\t\t\t\t\t\t\t\t\t\t<a href=\"https:\/\/platinium-consult.com\/\" target=\"_blank\">\n\t\t\t\t\t\t\t<img width=\"300\" height=\"156\" src=\"https:\/\/platinium-skills.com\/wp-content\/uploads\/2021\/11\/logo-platinium-consult.png\" class=\"attachment-full size-full\" alt=\"Platinium Consult\" loading=\"lazy\" \/>\t\t\t\t\t\t\t\t<\/a>\n\t\t\t\t\t\t\t\t\t\t\t\t\t\t\t<\/div>\n\t\t\t\t<\/div>\n\t\t\t\t<div class=\"elementor-element elementor-element-d898185 elementor-widget elementor-widget-text-editor\" data-id=\"d898185\" data-element_type=\"widget\" data-widget_type=\"text-editor.default\">\n\t\t\t\t<div class=\"elementor-widget-container\">\n\t\t\t\t\t\t\t<p>Focs Consult devient Platinium Consult, d\u00e9di\u00e9e aux formations dans la sant\u00e9 et la s\u00e9curit\u00e9 au travail, la qualit\u00e9 de l\u2019environnement et l\u2019hygi\u00e8ne en entreprise.<\/p><p style=\"text-align: right;\"><span style=\"color: #02b4e0;\"><a style=\"color: #02b4e0;\" href=\"https:\/\/platinium-consult.com\/\">\u2192 Visiter le site<\/a><\/span><\/p>\t\t\t\t\t\t<\/div>\n\t\t\t\t<\/div>\n\t\t\t\t\t<\/div>\n\t\t<\/div>\n\t\t\t\t\t\t\t<\/div>\n\t\t<\/section>\n\t\t\t\t<section class=\"elementor-section elementor-inner-section elementor-element elementor-element-31bfb4e elementor-section-full_width elementor-section-height-default elementor-section-height-default\" data-id=\"31bfb4e\" data-element_type=\"section\">\n\t\t\t\t\t\t<div class=\"elementor-container elementor-column-gap-wider\">\n\t\t\t\t\t<div class=\"elementor-column elementor-col-50 elementor-inner-column elementor-element elementor-element-94495bb\" data-id=\"94495bb\" data-element_type=\"column\">\n\t\t\t<div class=\"elementor-widget-wrap elementor-element-populated\">\n\t\t\t\t\t\t\t\t<div class=\"elementor-element elementor-element-455b17c elementor-widget elementor-widget-image\" data-id=\"455b17c\" data-element_type=\"widget\" data-widget_type=\"image.default\">\n\t\t\t\t<div class=\"elementor-widget-container\">\n\t\t\t\t\t\t\t\t\t\t\t\t\t\t\t\t<a href=\"https:\/\/www.platinium-bycdpro.com\/\" target=\"_blank\">\n\t\t\t\t\t\t\t<img width=\"300\" height=\"156\" src=\"https:\/\/platinium-skills.com\/wp-content\/uploads\/2021\/11\/logo-platinium-cdpro.png\" class=\"attachment-full size-full\" alt=\"Platinium Contactdpro\" loading=\"lazy\" \/>\t\t\t\t\t\t\t\t<\/a>\n\t\t\t\t\t\t\t\t\t\t\t\t\t\t\t<\/div>\n\t\t\t\t<\/div>\n\t\t\t\t<div class=\"elementor-element elementor-element-fcdf3a5 elementor-widget elementor-widget-text-editor\" data-id=\"fcdf3a5\" data-element_type=\"widget\" data-widget_type=\"text-editor.default\">\n\t\t\t\t<div class=\"elementor-widget-container\">\n\t\t\t\t\t\t\t<p>Contact D Pro devient Platinium by Contactdpro, sp\u00e9cialis\u00e9e dans le conseil et l\u2019accompagnement des sportifs en reconversion et les formations en langues.<\/p><p style=\"text-align: right;\"><span style=\"color: #02b4e0;\"><a style=\"color: #02b4e0;\" href=\"https:\/\/www.platinium-bycdpro.com\/\">\u2192 Visiter le site<\/a><\/span><\/p>\t\t\t\t\t\t<\/div>\n\t\t\t\t<\/div>\n\t\t\t\t\t<\/div>\n\t\t<\/div>\n\t\t\t\t<div class=\"elementor-column elementor-col-50 elementor-inner-column elementor-element elementor-element-2e64fb2\" data-id=\"2e64fb2\" data-element_type=\"column\">\n\t\t\t<div class=\"elementor-widget-wrap elementor-element-populated\">\n\t\t\t\t\t\t\t\t<div class=\"elementor-element elementor-element-4c1a2b3 elementor-widget elementor-widget-image\" data-id=\"4c1a2b3\" data-element_type=\"widget\" data-widget_type=\"image.default\">\n\t\t\t\t<div class=\"elementor-widget-container\">\n\t\t\t\t\t\t\t\t\t\t\t\t\t\t\t\t<a href=\"https:\/\/platinium-executive.com\" target=\"_blank\">\n\t\t\t\t\t\t\t<img width=\"300\" height=\"143\" src=\"https:\/\/platinium-skills.com\/wp-content\/uploads\/2021\/11\/platinium-executive-1.png\" class=\"attachment-full size-full\" alt=\"Platinium Executive\" loading=\"lazy\" \/>\t\t\t\t\t\t\t\t<\/a>\n\t\t\t\t\t\t\t\t\t\t\t\t\t\t\t<\/div>\n\t\t\t\t<\/div>\n\t\t\t\t<div class=\"elementor-element elementor-element-3bfd22b elementor-widget elementor-widget-text-editor\" data-id=\"3bfd22b\" data-element_type=\"widget\" data-widget_type=\"text-editor.default\">\n\t\t\t\t<div class=\"elementor-widget-container\">\n\t\t\t\t\t\t\t<p>Platinium Executive, consacr\u00e9e au management de proximit\u00e9, l\u2019encadrement, la gestion de projet, les Ressources Humaines (GPEC, Formation, Recrutement) et la bureautique.<\/p><p style=\"text-align: right;\"><span style=\"color: #02b4e0;\"><a style=\"color: #02b4e0;\" href=\"https:\/\/platinium-executive.com\">\u2192 Visiter le site<\/a><\/span><\/p>\t\t\t\t\t\t<\/div>\n\t\t\t\t<\/div>\n\t\t\t\t\t<\/div>\n\t\t<\/div>\n\t\t\t\t\t\t\t<\/div>\n\t\t<\/section>\n\t\t\t\t<section class=\"elementor-section elementor-inner-section elementor-element elementor-element-8f1b5f6 elementor-section-full_width elementor-section-height-default elementor-section-height-default\" data-id=\"8f1b5f6\" data-element_type=\"section\">\n\t\t\t\t\t\t<div class=\"elementor-container elementor-column-gap-wider\">\n\t\t\t\t\t<div class=\"elementor-column elementor-col-50 elementor-inner-column elementor-element elementor-element-8610b0b\" data-id=\"8610b0b\" data-element_type=\"column\">\n\t\t\t<div class=\"elementor-widget-wrap elementor-element-populated\">\n\t\t\t\t\t\t\t\t<div class=\"elementor-element elementor-element-1befb62 elementor-widget elementor-widget-image\" data-id=\"1befb62\" data-element_type=\"widget\" data-widget_type=\"image.default\">\n\t\t\t\t<div class=\"elementor-widget-container\">\n\t\t\t\t\t\t\t\t\t\t\t\t\t\t\t\t<a href=\"https:\/\/arcadia-campus.com\/\" target=\"_blank\">\n\t\t\t\t\t\t\t<img width=\"300\" height=\"156\" src=\"https:\/\/platinium-skills.com\/wp-content\/uploads\/2021\/11\/arcadia-campus.png\" class=\"attachment-full size-full\" alt=\"Arcadia Campus\" loading=\"lazy\" \/>\t\t\t\t\t\t\t\t<\/a>\n\t\t\t\t\t\t\t\t\t\t\t\t\t\t\t<\/div>\n\t\t\t\t<\/div>\n\t\t\t\t<div class=\"elementor-element elementor-element-e4b0ecf elementor-widget elementor-widget-text-editor\" data-id=\"e4b0ecf\" data-element_type=\"widget\" data-widget_type=\"text-editor.default\">\n\t\t\t\t<div class=\"elementor-widget-container\">\n\t\t\t\t\t\t\t<p>Arcadia Campus, centre de formation en alternance du Groupe Mare Nostrum, de Bac+2 \u00e0 Bac+3, propose des formations en Ressources Humaines et BTP, appuy\u00e9 par les experts de la profession.<\/p><p style=\"text-align: right;\"><span style=\"color: #10b5de;\"><a style=\"color: #10b5de;\" href=\"https:\/\/arcadia-campus.com\/\"><span style=\"color: #02b4e0;\">\u2192 Visiter le site<\/span><\/a><\/span><\/p>\t\t\t\t\t\t<\/div>\n\t\t\t\t<\/div>\n\t\t\t\t\t<\/div>\n\t\t<\/div>\n\t\t\t\t<div class=\"elementor-column elementor-col-50 elementor-inner-column elementor-element elementor-element-4d4b516\" data-id=\"4d4b516\" data-element_type=\"column\">\n\t\t\t<div class=\"elementor-widget-wrap\">\n\t\t\t\t\t\t\t\t\t<\/div>\n\t\t<\/div>\n\t\t\t\t\t\t\t<\/div>\n\t\t<\/section>\n\t\t\t\t\t<\/div>\n\t\t<\/div>\n\t\t\t\t\t\t\t<\/div>\n\t\t<\/section>\n\t\t\t\t\t\t\t<\/div>\n\t\t","protected":false},"excerpt":{"rendered":"<p>Platinium CQFT, sp\u00e9cialis\u00e9e dans la formation r\u00e9glementaire. Certification testeur CACES\u00ae (Certificat d\u2019aptitude \u00e0 la Conduite En S\u00e9curit\u00e9). \u2192 Visiter le site Focs Consult devient Platinium Consult, d\u00e9di\u00e9e aux formations dans la sant\u00e9 et la s\u00e9curit\u00e9 au travail, la qualit\u00e9 de l\u2019environnement et l\u2019hygi\u00e8ne en entreprise. \u2192 Visiter le site Contact D Pro devient Platinium by [&hellip;]<\/p>\n","protected":false},"author":1,"featured_media":0,"parent":0,"menu_order":0,"comment_status":"closed","ping_status":"open","template":"elementor_theme","meta":[],"yoast_head":"<!-- This site is optimized with the Yoast SEO plugin v19.7.1 - https:\/\/yoast.com\/wordpress\/plugins\/seo\/ -->\n<title>Platinium Skills - L&#039;offre globale de formation<\/title>\n<meta name=\"description\" content=\"Platinium Skills est une offre de formation global qui s\u2019appuie sur les forces du groupe Mare Nostrum. Cette offre se compose de 4 p\u00f4les Platinium.\" \/>\n<meta name=\"robots\" content=\"index, follow, max-snippet:-1, max-image-preview:large, max-video-preview:-1\" \/>\n<link rel=\"canonical\" href=\"https:\/\/platinium-skills.com\/\" \/>\n<meta property=\"og:locale\" content=\"fr_FR\" \/>\n<meta property=\"og:type\" content=\"article\" \/>\n<meta property=\"og:title\" content=\"Platinium Skills - L&#039;offre globale de formation\" \/>\n<meta property=\"og:description\" content=\"Platinium Skills est une offre de formation global qui s\u2019appuie sur les forces du groupe Mare Nostrum. Cette offre se compose de 4 p\u00f4les Platinium.\" \/>\n<meta property=\"og:url\" content=\"https:\/\/platinium-skills.com\/\" \/>\n<meta property=\"og:site_name\" content=\"Platinium Skills\" \/>\n<meta property=\"article:modified_time\" content=\"2022-07-21T15:52:54+00:00\" \/>\n<meta property=\"og:image\" content=\"https:\/\/platinium-skills.com\/wp-content\/uploads\/2021\/11\/logo-plat-skills.png\" \/>\n<meta name=\"twitter:card\" content=\"summary_large_image\" \/>\n<meta name=\"twitter:label1\" content=\"Dur\u00e9e de lecture estim\u00e9e\" \/>\n\t<meta name=\"twitter:data1\" content=\"2 minutes\" \/>\n<script type=\"application\/ld+json\" class=\"yoast-schema-graph\">{\"@context\":\"https:\/\/schema.org\",\"@graph\":[{\"@type\":\"WebPage\",\"@id\":\"https:\/\/platinium-skills.com\/\",\"url\":\"https:\/\/platinium-skills.com\/\",\"name\":\"Platinium Skills - L'offre globale de formation\",\"isPartOf\":{\"@id\":\"https:\/\/platinium-skills.com\/#website\"},\"datePublished\":\"2021-11-30T16:25:24+00:00\",\"dateModified\":\"2022-07-21T15:52:54+00:00\",\"description\":\"Platinium Skills est une offre de formation global qui s\u2019appuie sur les forces du groupe Mare Nostrum. Cette offre se compose de 4 p\u00f4les Platinium.\",\"breadcrumb\":{\"@id\":\"https:\/\/platinium-skills.com\/#breadcrumb\"},\"inLanguage\":\"fr-FR\",\"potentialAction\":[{\"@type\":\"ReadAction\",\"target\":[\"https:\/\/platinium-skills.com\/\"]}]},{\"@type\":\"BreadcrumbList\",\"@id\":\"https:\/\/platinium-skills.com\/#breadcrumb\",\"itemListElement\":[{\"@type\":\"ListItem\",\"position\":1,\"name\":\"Accueil\",\"item\":\"https:\/\/platinium-skills.com\/\"},{\"@type\":\"ListItem\",\"position\":2,\"name\":\"Accueil\"}]},{\"@type\":\"WebSite\",\"@id\":\"https:\/\/platinium-skills.com\/#website\",\"url\":\"https:\/\/platinium-skills.com\/\",\"name\":\"Platinium Skills\",\"description\":\"\",\"publisher\":{\"@id\":\"https:\/\/platinium-skills.com\/#organization\"},\"potentialAction\":[{\"@type\":\"SearchAction\",\"target\":{\"@type\":\"EntryPoint\",\"urlTemplate\":\"https:\/\/platinium-skills.com\/?s={search_term_string}\"},\"query-input\":\"required name=search_term_string\"}],\"inLanguage\":\"fr-FR\"},{\"@type\":\"Organization\",\"@id\":\"https:\/\/platinium-skills.com\/#organization\",\"name\":\"Platinium Skills\",\"url\":\"https:\/\/platinium-skills.com\/\",\"sameAs\":[],\"logo\":{\"@type\":\"ImageObject\",\"inLanguage\":\"fr-FR\",\"@id\":\"https:\/\/platinium-skills.com\/#\/schema\/logo\/image\/\",\"url\":\"https:\/\/platinium-skills.com\/wp-content\/uploads\/2021\/12\/logo-plat-skills.png\",\"contentUrl\":\"https:\/\/platinium-skills.com\/wp-content\/uploads\/2021\/12\/logo-plat-skills.png\",\"width\":420,\"height\":260,\"caption\":\"Platinium Skills\"},\"image\":{\"@id\":\"https:\/\/platinium-skills.com\/#\/schema\/logo\/image\/\"}}]}<\/script>\n<!-- \/ Yoast SEO plugin. -->","yoast_head_json":{"title":"Platinium Skills - L'offre globale de formation","description":"Platinium Skills est une offre de formation global qui s\u2019appuie sur les forces du groupe Mare Nostrum. Cette offre se compose de 4 p\u00f4les Platinium.","robots":{"index":"index","follow":"follow","max-snippet":"max-snippet:-1","max-image-preview":"max-image-preview:large","max-video-preview":"max-video-preview:-1"},"canonical":"https:\/\/platinium-skills.com\/","og_locale":"fr_FR","og_type":"article","og_title":"Platinium Skills - L'offre globale de formation","og_description":"Platinium Skills est une offre de formation global qui s\u2019appuie sur les forces du groupe Mare Nostrum. Cette offre se compose de 4 p\u00f4les Platinium.","og_url":"https:\/\/platinium-skills.com\/","og_site_name":"Platinium Skills","article_modified_time":"2022-07-21T15:52:54+00:00","og_image":[{"url":"https:\/\/platinium-skills.com\/wp-content\/uploads\/2021\/11\/logo-plat-skills.png"}],"twitter_card":"summary_large_image","twitter_misc":{"Dur\u00e9e de lecture estim\u00e9e":"2 minutes"},"schema":{"@context":"https:\/\/schema.org","@graph":[{"@type":"WebPage","@id":"https:\/\/platinium-skills.com\/","url":"https:\/\/platinium-skills.com\/","name":"Platinium Skills - L'offre globale de formation","isPartOf":{"@id":"https:\/\/platinium-skills.com\/#website"},"datePublished":"2021-11-30T16:25:24+00:00","dateModified":"2022-07-21T15:52:54+00:00","description":"Platinium Skills est une offre de formation global qui s\u2019appuie sur les forces du groupe Mare Nostrum. Cette offre se compose de 4 p\u00f4les Platinium.","breadcrumb":{"@id":"https:\/\/platinium-skills.com\/#breadcrumb"},"inLanguage":"fr-FR","potentialAction":[{"@type":"ReadAction","target":["https:\/\/platinium-skills.com\/"]}]},{"@type":"BreadcrumbList","@id":"https:\/\/platinium-skills.com\/#breadcrumb","itemListElement":[{"@type":"ListItem","position":1,"name":"Accueil","item":"https:\/\/platinium-skills.com\/"},{"@type":"ListItem","position":2,"name":"Accueil"}]},{"@type":"WebSite","@id":"https:\/\/platinium-skills.com\/#website","url":"https:\/\/platinium-skills.com\/","name":"Platinium Skills","description":"","publisher":{"@id":"https:\/\/platinium-skills.com\/#organization"},"potentialAction":[{"@type":"SearchAction","target":{"@type":"EntryPoint","urlTemplate":"https:\/\/platinium-skills.com\/?s={search_term_string}"},"query-input":"required name=search_term_string"}],"inLanguage":"fr-FR"},{"@type":"Organization","@id":"https:\/\/platinium-skills.com\/#organization","name":"Platinium Skills","url":"https:\/\/platinium-skills.com\/","sameAs":[],"logo":{"@type":"ImageObject","inLanguage":"fr-FR","@id":"https:\/\/platinium-skills.com\/#\/schema\/logo\/image\/","url":"https:\/\/platinium-skills.com\/wp-content\/uploads\/2021\/12\/logo-plat-skills.png","contentUrl":"https:\/\/platinium-skills.com\/wp-content\/uploads\/2021\/12\/logo-plat-skills.png","width":420,"height":260,"caption":"Platinium Skills"},"image":{"@id":"https:\/\/platinium-skills.com\/#\/schema\/logo\/image\/"}}]}},"_links":{"self":[{"href":"https:\/\/platinium-skills.com\/index.php?rest_route=\/wp\/v2\/pages\/2"}],"collection":[{"href":"https:\/\/platinium-skills.com\/index.php?rest_route=\/wp\/v2\/pages"}],"about":[{"href":"https:\/\/platinium-skills.com\/index.php?rest_route=\/wp\/v2\/types\/page"}],"author":[{"embeddable":true,"href":"https:\/\/platinium-skills.com\/index.php?rest_route=\/wp\/v2\/users\/1"}],"replies":[{"embeddable":true,"href":"https:\/\/platinium-skills.com\/index.php?rest_route=%2Fwp%2Fv2%2Fcomments&post=2"}],"version-history":[{"count":109,"href":"https:\/\/platinium-skills.com\/index.php?rest_route=\/wp\/v2\/pages\/2\/revisions"}],"predecessor-version":[{"id":155,"href":"https:\/\/platinium-skills.com\/index.php?rest_route=\/wp\/v2\/pages\/2\/revisions\/155"}],"wp:attachment":[{"href":"https:\/\/platinium-skills.com\/index.php?rest_route=%2Fwp%2Fv2%2Fmedia&parent=2"}],"curies":[{"name":"wp","href":"https:\/\/api.w.org\/{rel}","templated":true}]}}